{"id":12,"date":"2017-04-03T09:15:32","date_gmt":"2017-04-03T08:15:32","guid":{"rendered":"http:\/\/begeistert.info\/erneuerung\/?page_id=12"},"modified":"2024-11-03T17:17:53","modified_gmt":"2024-11-03T16:17:53","slug":"gebetsgruppen","status":"publish","type":"page","link":"https:\/\/begeistert.info\/erneuerung\/gebetsgruppen\/","title":{"rendered":"Charismatische Gebetsgruppen"},"content":{"rendered":"<p>In S\u00fcdtirol gibt es \u00fcber 30 Gebetsgruppen, die sich regelm\u00e4\u00dfig treffen. Der Ablauf der Treffen unterscheidet sich von Gruppe zu Gruppe.<\/p>\n<p>F\u00fcr Fragen zu den einzelnen Gebetsgruppen stehen auf dieser Liste Kontaktdaten zur Verf\u00fcgung:<\/p>\n<p><a href=\"https:\/\/begeistert.info\/erneuerung\/wp-content\/uploads\/2020\/01\/Gebetsgruppen-der-Charismatischen-Erneuerung-S\u00fcdtirol-14.01.2020.pdf\"><span style=\"color: #00ccff;\">Gebetsgruppen der Charismatischen Erneuerung S\u00fcdtirol<\/span> <\/a><\/p>\n<p>In letzter Zeit sind auch einige junge Gebetskreise entstanden. Infos dazu findest du unten:<\/p>\n<h3>Junge Gebetskreise<\/h3>\n<h5>Monday Worship in Sarnthein<\/h5>\n<p>Jugendliche treffen sich jeden zweiten Montag um 20:00Uhr in der Spitalskapelle Sarnthein. Anbetung, Lobpreis, F\u00fcrbitte, Bibel und gem\u00fctliches Beisammensein.<br \/>Kontakt: Elisabeth 3477861288<\/p>\n<h5>Jugendgebetskreis Burgstall<\/h5>\n<p>Der Lobpreisabend findet am Sonntag um 19:00 Uhr im Pfarrheim Burgstall statt \u2013 alle zwei Wochen.<\/p>\n<p><a href=\"https:\/\/begeistert.info\/erneuerung\/gebetskreis-burgstall\/\">Kontakt und weitere Infos<\/a><\/p>\n<h5>Dorf Tirol<\/h5>\n<p><strong>Treffpunkt:<\/strong> Pfarrwidum Dorf Tirol<br \/><strong>Zeit:<\/strong> Jeden Mittwoch 19:45 Uhr<\/p>\n<p><a href=\"https:\/\/begeistert.info\/erneuerung\/gebetskreis-dorf-tirol\/\">Kontakt und weitere Infos<\/a><\/p>\n<h5>Loretto Brixen<\/h5>\n<p>Samstag ab 18:00Uhr im Franziskanerkloster Brixen<\/p>\n<p><a href=\"https:\/\/begeistert.info\/erneuerung\/loretto-brixen\/\">Kontakt und weitere Infos<\/a><\/p>\n\n\n<p><\/p>\n","protected":false},"excerpt":{"rendered":"<p>In S\u00fcdtirol gibt es \u00fcber 30 Gebetsgruppen, die sich regelm\u00e4\u00dfig treffen. Der Ablauf der Treffen unterscheidet sich von Gruppe zu Gruppe. F\u00fcr Fragen zu den einzelnen Gebetsgruppen stehen auf dieser Liste Kontaktdaten zur Verf\u00fcgung: Gebetsgruppen der Charismatischen Erneuerung S\u00fcdtirol In letzter Zeit sind auch einige junge Gebetskreise entstanden. Infos dazu&#8230;<\/p>\n<div class=\"more-link-wrapper\"><a class=\"more-link\" href=\"https:\/\/begeistert.info\/erneuerung\/gebetsgruppen\/\">Weiterlesen<span class=\"screen-reader-text\">Charismatische Gebetsgruppen<\/span><\/a><\/div>\n","protected":false},"author":1,"featured_media":0,"parent":0,"menu_order":0,"comment_status":"closed","ping_status":"closed","template":"","meta":{"iawp_total_views":504,"footnotes":""},"class_list":["post-12","page","type-page","status-publish","hentry","entry"],"_links":{"self":[{"href":"https:\/\/begeistert.info\/erneuerung\/wp-json\/wp\/v2\/pages\/12","targetHints":{"allow":["GET"]}}],"collection":[{"href":"https:\/\/begeistert.info\/erneuerung\/wp-json\/wp\/v2\/pages"}],"about":[{"href":"https:\/\/begeistert.info\/erneuerung\/wp-json\/wp\/v2\/types\/page"}],"author":[{"embeddable":true,"href":"https:\/\/begeistert.info\/erneuerung\/wp-json\/wp\/v2\/users\/1"}],"replies":[{"embeddable":true,"href":"https:\/\/begeistert.info\/erneuerung\/wp-json\/wp\/v2\/comments?post=12"}],"version-history":[{"count":28,"href":"https:\/\/begeistert.info\/erneuerung\/wp-json\/wp\/v2\/pages\/12\/revisions"}],"predecessor-version":[{"id":2092,"href":"https:\/\/begeistert.info\/erneuerung\/wp-json\/wp\/v2\/pages\/12\/revisions\/2092"}],"wp:attachment":[{"href":"https:\/\/begeistert.info\/erneuerung\/wp-json\/wp\/v2\/media?parent=12"}],"curies":[{"name":"wp","href":"https:\/\/api.w.org\/{rel}","templated":true}]}}