{"id":1211,"date":"2019-07-15T10:04:06","date_gmt":"2019-07-15T09:04:06","guid":{"rendered":"http:\/\/begeistert.info\/erneuerung\/?page_id=1211"},"modified":"2019-11-28T15:16:23","modified_gmt":"2019-11-28T14:16:23","slug":"was-ist-charis","status":"publish","type":"page","link":"https:\/\/begeistert.info\/erneuerung\/was-ist-charis\/","title":{"rendered":"Was ist CHARIS?"},"content":{"rendered":"\n<figure class=\"wp-block-image\"><img loading=\"lazy\" decoding=\"async\" width=\"1024\" height=\"332\" src=\"https:\/\/begeistert.info\/erneuerung\/wp-content\/uploads\/2019\/04\/CHARIS-Announcement-1280x415-1024x332.png\" alt=\"\" class=\"wp-image-1165\" srcset=\"https:\/\/begeistert.info\/erneuerung\/wp-content\/uploads\/2019\/04\/CHARIS-Announcement-1280x415-1024x332.png 1024w, https:\/\/begeistert.info\/erneuerung\/wp-content\/uploads\/2019\/04\/CHARIS-Announcement-1280x415-300x97.png 300w, https:\/\/begeistert.info\/erneuerung\/wp-content\/uploads\/2019\/04\/CHARIS-Announcement-1280x415-768x249.png 768w, https:\/\/begeistert.info\/erneuerung\/wp-content\/uploads\/2019\/04\/CHARIS-Announcement-1280x415.png 1280w\" sizes=\"auto, (max-width: 1024px) 100vw, 1024px\" \/><\/figure>\n\n\n\n<p>\nLiebe Geschwister!<\/p>\n\n\n\n<p>Vorm 50 Jahr-Jubil\u00e4um der Charismatischen  Erneuerung in der katholischen Kirche forderte Papst Franziskus die  Leiter der beiden internationalen Vertretungen &nbsp;&#8211; die &#8222;Catholic  Fraternity&#8220; (kurz CF) und das &#8222;International Catholic Charismatic  Rewnewal Service&#8220; (kurz ICCRS) &#8211; auf, sich zu einem gemeinsamen Dienst  f\u00fcr alle Auspr\u00e4gungen der Charimatischen Erneuerungsbewegung  zusammenschlie\u00dfen. Dieser neue, gemeinsame &#8222;Dienst des Miteinanders&#8220;  hei\u00dft \u201eCHARIS &#8211; Charismatic Renewal International Services\u201c und beginnt  heuer am Pfingstsonntag feierleich seinen Dienst. Gleichzeitig beenden  die CF und ICCRS ihren Dienst.<\/p>\n\n\n\n<p class=\"has-background has-drop-cap has-yellow-background-color\">Papst Franziskus ist es ein  gro\u00dfes Anliegen, dass die gesamte Kirche die &#8222;Taufe im Heiligen Geist&#8220;  erf\u00e4hrt. Dies betonte er bereits in der Vergangenheit und es ist  einer der Gr\u00fcnde warum er CHARIS ins Leben ruft.<\/p>\n\n\n\n<p class=\"has-text-color has-medium-pink-color\"><strong>Der  Leitungsdienst von CHARIS bittet uns alle, f\u00fcr dieses gro\u00dfe Vorhaben zu  beten, damit es in seine Berufung kommt.<\/strong> <\/p>\n\n\n\n<p>Die Einladung ergeht an alle,  die sich aus diesem \u201eStrom der Gnade\u201c entstanden f\u00fchlen (Gebetsgruppen,  Gemeinschaften, Netzwerke, Evangelisationsschulen, Ordensinstitute,  Verlage, Dienste,&#8230;). Das Gebet startet absofort und l\u00e4uft bis  Pfingsten. Von Pater Rainero Cantalamessa, dem geistlichen Begleiter von  CHARIS, gibt es neben den beigef\u00fcgten geistlichen Impulsen f\u00fcr April, noch einen f\u00fcr Mai zu diesem Gebetsweg. <\/p>\n\n\n\n<p>Den Impuls f\u00fcr April findet ihr im Anhang!<\/p>\n\n\n\n<p>F\u00fcr Fragen und R\u00fcckmeldungen stehen wir gerne zur Ver\u00fcfgung.<br><br>Im Gebet verbunden<br><br><em>F\u00fcr die CE \u00d6sterreich &amp; S\u00fcdtirol<br>Werner Nemecek<\/em><\/p>\n\n\n<p><!--EndFragment--><\/p>","protected":false},"excerpt":{"rendered":"<p>Liebe Geschwister! Vorm 50 Jahr-Jubil\u00e4um der Charismatischen Erneuerung in der katholischen Kirche forderte Papst Franziskus die Leiter der beiden internationalen Vertretungen &nbsp;&#8211; die &#8222;Catholic Fraternity&#8220; (kurz CF) und das &#8222;International Catholic Charismatic Rewnewal Service&#8220; (kurz ICCRS) &#8211; auf, sich zu einem gemeinsamen Dienst f\u00fcr alle Auspr\u00e4gungen der Charimatischen Erneuerungsbewegung zusammenschlie\u00dfen.&#8230;<\/p>\n<div class=\"more-link-wrapper\"><a class=\"more-link\" href=\"https:\/\/begeistert.info\/erneuerung\/was-ist-charis\/\">Weiterlesen<span class=\"screen-reader-text\">Was ist CHARIS?<\/span><\/a><\/div>\n","protected":false},"author":1,"featured_media":0,"parent":0,"menu_order":0,"comment_status":"closed","ping_status":"closed","template":"","meta":{"iawp_total_views":23,"footnotes":""},"class_list":["post-1211","page","type-page","status-publish","hentry","entry"],"_links":{"self":[{"href":"https:\/\/begeistert.info\/erneuerung\/wp-json\/wp\/v2\/pages\/1211","targetHints":{"allow":["GET"]}}],"collection":[{"href":"https:\/\/begeistert.info\/erneuerung\/wp-json\/wp\/v2\/pages"}],"about":[{"href":"https:\/\/begeistert.info\/erneuerung\/wp-json\/wp\/v2\/types\/page"}],"author":[{"embeddable":true,"href":"https:\/\/begeistert.info\/erneuerung\/wp-json\/wp\/v2\/users\/1"}],"replies":[{"embeddable":true,"href":"https:\/\/begeistert.info\/erneuerung\/wp-json\/wp\/v2\/comments?post=1211"}],"version-history":[{"count":2,"href":"https:\/\/begeistert.info\/erneuerung\/wp-json\/wp\/v2\/pages\/1211\/revisions"}],"predecessor-version":[{"id":1350,"href":"https:\/\/begeistert.info\/erneuerung\/wp-json\/wp\/v2\/pages\/1211\/revisions\/1350"}],"wp:attachment":[{"href":"https:\/\/begeistert.info\/erneuerung\/wp-json\/wp\/v2\/media?parent=1211"}],"curies":[{"name":"wp","href":"https:\/\/api.w.org\/{rel}","templated":true}]}}